{"id":2,"date":"2024-10-28T19:35:38","date_gmt":"2024-10-28T19:35:38","guid":{"rendered":"https:\/\/archiversum.kobo.org.pl\/?page_id=2"},"modified":"2025-03-28T21:13:33","modified_gmt":"2025-03-28T21:13:33","slug":"o-projekcie","status":"publish","type":"page","link":"https:\/\/archiverse.kobo.org.pl\/index.php\/o-projekcie\/","title":{"rendered":"O projekcie"},"content":{"rendered":"\n<p>Cyfrowa rekonstrukcja obiekt\u00f3w architektonicznych i ich prezentacja z wykorzystaniem rzeczywisto\u015bci wirtualnej (VR) wymaga szeregu nowatorskich technik, od fotogrametrii i skan\u00f3w laserowych poprzez zaawansowane modele BIM (Building Information Modeling). Stanowi\u0105 one punkt wyj\u015bcia do tworzenia wysoce immersyjnych zaawansowanych wizualnie rekonstrukcji wysokiej wierno\u015bci. <\/p>\n\n\n\n<p>Przyk\u0142adem tego typu dzia\u0142a\u0144 jest projekt Volterra, odnosz\u0105cy si\u0119 do cyfrowej rekonstrukcji zachowanych pozosta\u0142o\u015bci teatru rzymskiego. W toku wieloletnich prac mi\u0119dzynarodowego zespo\u0142u, w tym archeolog\u00f3w, architekt\u00f3w, projektant\u00f3w, artyst\u00f3w i specjalist\u00f3w IT przetestowano w praktyce szerokie spektrum metod, technik i narz\u0119dzi, kt\u00f3re mog\u0105 s\u0142u\u017cy\u0107 przywr\u00f3ceniu do \u017cycia nieistniej\u0105cych element\u00f3w kultury materialnej, tak aby ich wierne, wirtualne rekonstrukcje mog\u0142y s\u0142u\u017cy\u0107 wsp\u00f3\u0142czesnym artystom i spo\u0142ecze\u0144stwu.<\/p>\n\n\n\n<p>W ramach przedsi\u0119wzi\u0119cia zosta\u0142 opracowany framework pozwalaj\u0105cy na automatyzacj\u0119 procesu tworzenia (workflow) wysokiej jako\u015bci rekonstrukcji obiekt\u00f3w dziedzictwa kulturowego w oparciu o praktyczny przyk\u0142ad (use case) teatru rzymskiego w miejscowo\u015bci Volterra w Toskanii. W projekcie wzi\u0119\u0142a udzia\u0142 grupa badawcza HASE (Human Aspects in Science and Engineering) przy Living Lab Kobo, skupiaj\u0105ca artyst\u00f3w i badaczy m.in. z Polsko-Japo\u0144skiej Akademii Technik Komputerowych (PJATK). Wykorzystane zosta\u0142y do\u015bwiadczenia w zakresie BIM (Building Information Modeling), wirtualnej rzeczywisto\u015bci (VR) i sztucznej inteligencji (AI) zdobytych m.in. w toku mi\u0119dzynarodowych warsztat\u00f3w organizowanych przez Volterra-Detroit Foundation. <\/p>\n\n\n\n<p>W\u015br\u00f3d wydarze\u0144 zrealizowanych w ramach przedsi\u0119wzi\u0119cia wymieni\u0107 nale\u017cy te o charakterze edukacyjnym, kulturalnym i upowszechniaj\u0105cym. Przeprowadzono cykl warsztat\u00f3w dotycz\u0105cych rekonstrukcji obiekt\u00f3w dziedzictwa kulturowego w \u015brodowisku VR dla student\u00f3w Wydzia\u0142u Sztuki Nowych Medi\u00f3w PJATK. W ramach konferencji MIDI zorganizowano r\u00f3wnie\u017c specjalny panel badawczy po\u015bwi\u0119cony cyfrowemu dziedzictwu kulturowemu, w ramach kt\u00f3rego zaprezentowano tematyk\u0119 projektu. W\u015br\u00f3d panelist\u00f3w byli uczestnicy mi\u0119dzynarodowych warsztat\u00f3w organizowanych przez Volterra-Detroit Foundation, dotycz\u0105cych wykorzystania nowoczesnych technologii w kontek\u015bcie zachowania dziedzictwa kulturowego. Go\u015bciem specjalnym panelu by\u0142 prof. W\u0142adys\u0142aw Fuchs z Uniwersystetu Detroit-Mercy, za\u0142o\u017cyciel i prezes Detroit-Volterra Foundation, autor modeli BIM teatru, na kt\u00f3rych oparty jest nasz VR Use Case. Zar\u00f3wno konferencja, jak i sam panel odbywa\u0142y si\u0119 w formie hybrydowej i by\u0142y dost\u0119pne dla uczestnik\u00f3w online. W galerii PJATK zorganizowano r\u00f3wnie\u017c wystaw\u0119 &#8211; interaktywn\u0105 prezentacj\u0119 immersyjnej rekonstrukcji teatru rzymskiego w Volterze z wykorzystaniem stacjonarnych i przeno\u015bnych zestaw\u00f3w VR. Z prezentowanym \u015brodowiskiem wirtualnym oraz towarzysz\u0105cymi mu materia\u0142ami mogli si\u0119 zapozna\u0107 zar\u00f3wno studenci i pracownicy PJATK, jak i uczestnicy XII mi\u0119dzynarodowej konferencji MIDI &#8211; Machine Intelligence and Digital Interaction 2024.<\/p>\n\n\n\n<p>Przedsi\u0119wzi\u0119cie zosta\u0142o dofinansowany w ramach Inwestycji A2.5.1 &#8211; Programu wspierania dzia\u0142alno\u015bci podmiot\u00f3w sektora kultury i przemys\u0142\u00f3w kreatywnych na rzecz stymulowania ich rozwoju w ramach Krajowego Planu Odbudowy i Zwi\u0119kszania Odporno\u015bci. Zosta\u0142o zrealizowane na podstawie Umowy zawartej z Jednostk\u0105 Wspieraj\u0105c\u0105 \u2013 Narodowym Instytutem Muzyki i Ta\u0144ca.<br><\/p>\n\n\n\n<figure class=\"wp-block-image size-large\"><img loading=\"lazy\" decoding=\"async\" width=\"1024\" height=\"131\" src=\"https:\/\/archiversum.kobo.org.pl\/wp-content\/uploads\/2024\/12\/KPO_barwy-RP_NextGenerationEU_poziom_zestawienie_podstawowe_-RGB-1024x131.png\" alt=\"\" class=\"wp-image-18\" srcset=\"https:\/\/archiverse.kobo.org.pl\/wp-content\/uploads\/2024\/12\/KPO_barwy-RP_NextGenerationEU_poziom_zestawienie_podstawowe_-RGB-1024x131.png 1024w, https:\/\/archiverse.kobo.org.pl\/wp-content\/uploads\/2024\/12\/KPO_barwy-RP_NextGenerationEU_poziom_zestawienie_podstawowe_-RGB-300x38.png 300w, https:\/\/archiverse.kobo.org.pl\/wp-content\/uploads\/2024\/12\/KPO_barwy-RP_NextGenerationEU_poziom_zestawienie_podstawowe_-RGB-768x98.png 768w, https:\/\/archiverse.kobo.org.pl\/wp-content\/uploads\/2024\/12\/KPO_barwy-RP_NextGenerationEU_poziom_zestawienie_podstawowe_-RGB-1536x197.png 1536w, https:\/\/archiverse.kobo.org.pl\/wp-content\/uploads\/2024\/12\/KPO_barwy-RP_NextGenerationEU_poziom_zestawienie_podstawowe_-RGB-2048x262.png 2048w\" sizes=\"(max-width: 1024px) 100vw, 1024px\" \/><\/figure>\n\n\n\n<p><\/p>\n\n\n\n<p style=\"font-size:clamp(0.875rem, 0.875rem + ((1vw - 0.2rem) * 0.708), 1.3rem);\"><a href=\"https:\/\/www.facebook.com\/hashtag\/kpodlakultury?__eep__=6&amp;__cft__[0]=AZU3u8tvIx8Kh4_ovR9G4bj6WGRjodYsiZ6I9ku7d1KwpDsJXnx3NF5oZaTbiuLTQqkjgi3N_WQISs8Qd5GdNSc1nC-HZfaqC5J_oV9r0WdJn2dzif_GEuVPW-oIpl7PEOIDexvJDsYr5ZTr-xX9PCxvWiP1D8p2IfpAnp3xHCzfoCpemHBrLKUWffGygVCoDOw&amp;__tn__=*NK-R\">#KPOdlakultury<\/a> <a href=\"https:\/\/www.facebook.com\/hashtag\/nextgenerationeu?__eep__=6&amp;__cft__[0]=AZU3u8tvIx8Kh4_ovR9G4bj6WGRjodYsiZ6I9ku7d1KwpDsJXnx3NF5oZaTbiuLTQqkjgi3N_WQISs8Qd5GdNSc1nC-HZfaqC5J_oV9r0WdJn2dzif_GEuVPW-oIpl7PEOIDexvJDsYr5ZTr-xX9PCxvWiP1D8p2IfpAnp3xHCzfoCpemHBrLKUWffGygVCoDOw&amp;__tn__=*NK-R\">#NextGenerationEU<\/a><\/p>\n\n\n\n<p class=\"has-medium-font-size\"><\/p>\n\n\n\n<p><\/p>\n","protected":false},"excerpt":{"rendered":"<p>Cyfrowa rekonstrukcja obiekt\u00f3w architektonicznych i ich prezentacja z wykorzystaniem rzeczywisto\u015bci wirtualnej (VR) wymaga szeregu nowatorskich technik, od fotogrametrii i skan\u00f3w laserowych poprzez zaawansowane modele BIM (Building Information Modeling). Stanowi\u0105 one punkt wyj\u015bcia do tworzenia wysoce immersyjnych zaawansowanych wizualnie rekonstrukcji wysokiej wierno\u015bci. Przyk\u0142adem tego typu dzia\u0142a\u0144 jest projekt Volterra, odnosz\u0105cy si\u0119 do cyfrowej rekonstrukcji zachowanych pozosta\u0142o\u015bci [&hellip;]<\/p>\n","protected":false},"author":1,"featured_media":0,"parent":0,"menu_order":0,"comment_status":"closed","ping_status":"closed","template":"","meta":{"footnotes":""},"class_list":["post-2","page","type-page","status-publish","hentry"],"_links":{"self":[{"href":"https:\/\/archiverse.kobo.org.pl\/index.php\/wp-json\/wp\/v2\/pages\/2"}],"collection":[{"href":"https:\/\/archiverse.kobo.org.pl\/index.php\/wp-json\/wp\/v2\/pages"}],"about":[{"href":"https:\/\/archiverse.kobo.org.pl\/index.php\/wp-json\/wp\/v2\/types\/page"}],"author":[{"embeddable":true,"href":"https:\/\/archiverse.kobo.org.pl\/index.php\/wp-json\/wp\/v2\/users\/1"}],"replies":[{"embeddable":true,"href":"https:\/\/archiverse.kobo.org.pl\/index.php\/wp-json\/wp\/v2\/comments?post=2"}],"version-history":[{"count":20,"href":"https:\/\/archiverse.kobo.org.pl\/index.php\/wp-json\/wp\/v2\/pages\/2\/revisions"}],"predecessor-version":[{"id":403,"href":"https:\/\/archiverse.kobo.org.pl\/index.php\/wp-json\/wp\/v2\/pages\/2\/revisions\/403"}],"wp:attachment":[{"href":"https:\/\/archiverse.kobo.org.pl\/index.php\/wp-json\/wp\/v2\/media?parent=2"}],"curies":[{"name":"wp","href":"https:\/\/api.w.org\/{rel}","templated":true}]}}